{"id":3144,"date":"2024-05-21T12:12:08","date_gmt":"2024-05-21T12:12:08","guid":{"rendered":"https:\/\/baumann-deck.com\/product\/%cf%80%cf%85%ce%ba%ce%bd%cf%89%ce%bc%ce%ad%ce%bd%ce%bf-%cf%83%ce%bf%ce%b2%ce%b1%cf%84%ce%b5%cf%80%ce%af-%ce%b1%cf%80%cf%8c-%ce%bc%cf%80%ce%b1%ce%bc%cf%80%ce%bf%cf%8d-%ce%bb%ce%b5%cf%85%ce%ba%cf%8c\/"},"modified":"2024-05-21T12:12:08","modified_gmt":"2024-05-21T12:12:08","slug":"%cf%80%cf%85%ce%ba%ce%bd%cf%89%ce%bc%ce%ad%ce%bd%ce%bf-%cf%83%ce%bf%ce%b2%ce%b1%cf%84%ce%b5%cf%80%ce%af-%ce%b1%cf%80%cf%8c-%ce%bc%cf%80%ce%b1%ce%bc%cf%80%ce%bf%cf%8d-%ce%bb%ce%b5%cf%85%ce%ba%cf%8c","status":"publish","type":"product","link":"https:\/\/baumann-deck.com\/el\/product\/%cf%80%cf%85%ce%ba%ce%bd%cf%89%ce%bc%ce%ad%ce%bd%ce%bf-%cf%83%ce%bf%ce%b2%ce%b1%cf%84%ce%b5%cf%80%ce%af-%ce%b1%cf%80%cf%8c-%ce%bc%cf%80%ce%b1%ce%bc%cf%80%ce%bf%cf%8d-%ce%bb%ce%b5%cf%85%ce%ba%cf%8c\/","title":{"rendered":"\u03a0\u03c5\u03ba\u03bd\u03c9\u03bc\u03ad\u03bd\u03bf \u03c3\u03bf\u03b2\u03b1\u03c4\u03b5\u03c0\u03af \u03b1\u03c0\u03cc \u03bc\u03c0\u03b1\u03bc\u03c0\u03bf\u03cd, \u03bb\u03b5\u03c5\u03ba\u03cc \u03c7\u03c1\u03ce\u03bc\u03b1, 1850x70x14 mm (ADW-B)"},"content":{"rendered":"<div id=\"tw-target-text-container\" class=\"tw-ta-container F0azHf tw-nfl\" tabindex=\"0\">\n<pre id=\"tw-target-text\" class=\"tw-data-text tw-text-large tw-ta\" dir=\"ltr\" data-placeholder=\"Translation\" aria-label=\"Translated text\" data-ved=\"2ahUKEwj1tsrd0qCGAxW5TGwGHbHLC-YQ3ewLegQIBRAU\"><span class=\"Y2IQFc\" lang=\"el\">\u0394\u03b9\u03b1\u03c3\u03c4\u03ac\u03c3\u03b5\u03b9\u03c2: 1850x70x14 mm\r\n\r\n\u039c\u03c0\u03b1\u03bc\u03c0\u03bf\u03cd \u03b1\u03c0\u03cc \u03bc\u03c0\u03b1\u03bc\u03c0\u03bf\u03cd \u03bc\u03b5 \u03bb\u03b5\u03c5\u03ba\u03cc \u03c6\u03b9\u03bd\u03af\u03c1\u03b9\u03c3\u03bc\u03b1, \u03bc\u03b5 \u03c6\u03b1\u03bb\u03c4\u03c3\u03ad\u03c4\u03b1 \u03b3\u03b9\u03b1 \u03c4\u03b7\u03bd \u03b1\u03c0\u03cc\u03ba\u03c1\u03c5\u03c8\u03b7 \u03c4\u03bf\u03c5 \u03ba\u03b1\u03bb\u03c9\u03b4\u03af\u03bf\u03c5.\r\n\r\n\u0395\u03af\u03bd\u03b1\u03b9 \u03c6\u03b9\u03bd\u03b9\u03c1\u03b9\u03c3\u03bc\u03ad\u03bd\u03bf \u03c3\u03b5 \u03bb\u03b5\u03c5\u03ba\u03cc, \u03bb\u03b5\u03ba\u03b9\u03b1\u03c3\u03bc\u03ad\u03bd\u03bf \u03ba\u03b1\u03b9 \u03bb\u03b1\u03ba\u03b1\u03c1\u03b9\u03c3\u03bc\u03ad\u03bd\u03bf.<\/span><\/pre>\n<\/div>\n<div id=\"tw-target-rmn-container\" class=\"tw-target-rmn tw-ta-container F0azHf tw-nfl\">\n<pre id=\"tw-target-rmn\" class=\"tw-data-text tw-text-small tw-ta\" dir=\"ltr\" data-placeholder=\"\"><span class=\"Y2IQFc\">Diast\u00e1seis: 1850x70x14 mm\r\n\r\nBampo\u00fa ap\u00f3 bampo\u00fa me lefk\u00f3 fin\u00edrisma, me falts\u00e9ta gia tin ap\u00f3krypsi tou kalod\u00edou.<\/span><\/pre>\n<\/div>\n","protected":false},"excerpt":{"rendered":"<p>\u0394\u03b9\u03b1\u03c3\u03c4\u03ac\u03c3\u03b5\u03b9\u03c2: 1850x70x14 mm \u039c\u03c0\u03b1\u03bc\u03c0\u03bf\u03cd \u03b1\u03c0\u03cc \u03bc\u03c0\u03b1\u03bc\u03c0\u03bf\u03cd \u03bc\u03b5 \u03bb\u03b5\u03c5\u03ba\u03cc \u03c6\u03b9\u03bd\u03af\u03c1\u03b9\u03c3\u03bc\u03b1, \u03bc\u03b5 \u03c6\u03b1\u03bb\u03c4\u03c3\u03ad\u03c4\u03b1 \u03b3\u03b9\u03b1 \u03c4\u03b7\u03bd \u03b1\u03c0\u03cc\u03ba\u03c1\u03c5\u03c8\u03b7 \u03c4\u03bf\u03c5 \u03ba\u03b1\u03bb\u03c9\u03b4\u03af\u03bf\u03c5. \u0395\u03af\u03bd\u03b1\u03b9 \u03c6\u03b9\u03bd\u03b9\u03c1\u03b9\u03c3\u03bc\u03ad\u03bd\u03bf \u03c3\u03b5 \u03bb\u03b5\u03c5\u03ba\u03cc, \u03bb\u03b5\u03ba\u03b9\u03b1\u03c3\u03bc\u03ad\u03bd\u03bf \u03ba\u03b1\u03b9 \u03bb\u03b1\u03ba\u03b1\u03c1\u03b9\u03c3\u03bc\u03ad\u03bd\u03bf. Diast\u00e1seis: 1850x70x14 mm Bampo\u00fa ap\u00f3 bampo\u00fa me lefk\u00f3 fin\u00edrisma, me falts\u00e9ta gia tin ap\u00f3krypsi tou kalod\u00edou.<\/p>\n","protected":false},"featured_media":2131,"template":"","meta":{"slim_seo":[]},"product_cat":[78],"product_tag":[],"class_list":{"0":"post-3144","1":"product","2":"type-product","3":"status-publish","4":"has-post-thumbnail","6":"product_cat----el","8":"first","9":"instock","10":"shipping-taxable","11":"purchasable","12":"product-type-simple"},"_links":{"self":[{"href":"https:\/\/baumann-deck.com\/el\/wp-json\/wp\/v2\/product\/3144","targetHints":{"allow":["GET"]}}],"collection":[{"href":"https:\/\/baumann-deck.com\/el\/wp-json\/wp\/v2\/product"}],"about":[{"href":"https:\/\/baumann-deck.com\/el\/wp-json\/wp\/v2\/types\/product"}],"wp:featuredmedia":[{"embeddable":true,"href":"https:\/\/baumann-deck.com\/el\/wp-json\/wp\/v2\/media\/2131"}],"wp:attachment":[{"href":"https:\/\/baumann-deck.com\/el\/wp-json\/wp\/v2\/media?parent=3144"}],"wp:term":[{"taxonomy":"product_cat","embeddable":true,"href":"https:\/\/baumann-deck.com\/el\/wp-json\/wp\/v2\/product_cat?post=3144"},{"taxonomy":"product_tag","embeddable":true,"href":"https:\/\/baumann-deck.com\/el\/wp-json\/wp\/v2\/product_tag?post=3144"}],"curies":[{"name":"wp","href":"https:\/\/api.w.org\/{rel}","templated":true}]}}