{"id":1007,"date":"2024-05-14T12:35:43","date_gmt":"2024-05-14T12:35:43","guid":{"rendered":"https:\/\/baumann-deck.com\/despre\/"},"modified":"2024-05-28T12:51:38","modified_gmt":"2024-05-28T12:51:38","slug":"despre","status":"publish","type":"page","link":"https:\/\/baumann-deck.com\/ro\/despre\/","title":{"rendered":"DESPRE"},"content":{"rendered":"\t\t<div data-elementor-type=\"wp-page\" data-elementor-id=\"1007\" class=\"elementor elementor-1007 elementor-892\">\n\t\t\t\t<div class=\"elementor-element elementor-element-11618d3 e-flex e-con-boxed e-con e-parent\" data-id=\"11618d3\" data-element_type=\"container\" data-settings=\"{&quot;background_background&quot;:&quot;classic&quot;}\">\n\t\t\t\t\t<div class=\"e-con-inner\">\n\t\t\t\t<div class=\"elementor-element elementor-element-1b72d4e elementor-widget elementor-widget-heading\" data-id=\"1b72d4e\" data-element_type=\"widget\" data-widget_type=\"heading.default\">\n\t\t\t\t<div class=\"elementor-widget-container\">\n\t\t\t<style>\/*! elementor - v3.21.0 - 26-05-2024 *\/\n.elementor-heading-title{padding:0;margin:0;line-height:1}.elementor-widget-heading .elementor-heading-title[class*=elementor-size-]>a{color:inherit;font-size:inherit;line-height:inherit}.elementor-widget-heading .elementor-heading-title.elementor-size-small{font-size:15px}.elementor-widget-heading .elementor-heading-title.elementor-size-medium{font-size:19px}.elementor-widget-heading .elementor-heading-title.elementor-size-large{font-size:29px}.elementor-widget-heading .elementor-heading-title.elementor-size-xl{font-size:39px}.elementor-widget-heading .elementor-heading-title.elementor-size-xxl{font-size:59px}<\/style><h2 class=\"elementor-heading-title elementor-size-default\">\nDESPRE NOI<\/h2>\t\t<\/div>\n\t\t\t\t<\/div>\n\t\t\t\t\t<\/div>\n\t\t\t\t<\/div>\n\t\t<div class=\"elementor-element elementor-element-535fa09 e-flex e-con-boxed e-con e-parent\" data-id=\"535fa09\" data-element_type=\"container\">\n\t\t\t\t\t<div class=\"e-con-inner\">\n\t\t<div class=\"elementor-element elementor-element-f400eb0 e-flex e-con-boxed e-con e-child\" data-id=\"f400eb0\" data-element_type=\"container\">\n\t\t\t\t\t<div class=\"e-con-inner\">\n\t\t<div class=\"elementor-element elementor-element-273a050 e-grid e-con-boxed e-con e-child\" data-id=\"273a050\" data-element_type=\"container\">\n\t\t\t\t\t<div class=\"e-con-inner\">\n\t\t<div class=\"elementor-element elementor-element-d6a3560 e-flex e-con-boxed e-con e-child\" data-id=\"d6a3560\" data-element_type=\"container\" data-settings=\"{&quot;background_background&quot;:&quot;classic&quot;}\">\n\t\t\t\t\t<div class=\"e-con-inner\">\n\t\t\t\t<div class=\"elementor-element elementor-element-78ea711 elementor-position-top elementor-widget elementor-widget-image-box\" data-id=\"78ea711\" data-element_type=\"widget\" data-widget_type=\"image-box.default\">\n\t\t\t\t<div class=\"elementor-widget-container\">\n\t\t\t<style>\/*! elementor - v3.21.0 - 26-05-2024 *\/\n.elementor-widget-image-box .elementor-image-box-content{width:100%}@media (min-width:768px){.elementor-widget-image-box.elementor-position-left .elementor-image-box-wrapper,.elementor-widget-image-box.elementor-position-right .elementor-image-box-wrapper{display:flex}.elementor-widget-image-box.elementor-position-right .elementor-image-box-wrapper{text-align:end;flex-direction:row-reverse}.elementor-widget-image-box.elementor-position-left .elementor-image-box-wrapper{text-align:start;flex-direction:row}.elementor-widget-image-box.elementor-position-top .elementor-image-box-img{margin:auto}.elementor-widget-image-box.elementor-vertical-align-top .elementor-image-box-wrapper{align-items:flex-start}.elementor-widget-image-box.elementor-vertical-align-middle .elementor-image-box-wrapper{align-items:center}.elementor-widget-image-box.elementor-vertical-align-bottom .elementor-image-box-wrapper{align-items:flex-end}}@media (max-width:767px){.elementor-widget-image-box .elementor-image-box-img{margin-left:auto!important;margin-right:auto!important;margin-bottom:15px}}.elementor-widget-image-box .elementor-image-box-img{display:inline-block}.elementor-widget-image-box .elementor-image-box-title a{color:inherit}.elementor-widget-image-box .elementor-image-box-wrapper{text-align:center}.elementor-widget-image-box .elementor-image-box-description{margin:0}<\/style><div class=\"elementor-image-box-wrapper\"><figure class=\"elementor-image-box-img\"><img fetchpriority=\"high\" decoding=\"async\" width=\"900\" height=\"643\" src=\"https:\/\/baumann-deck.com\/wp-content\/uploads\/2024\/05\/jhj-1.jpg\" class=\"attachment-full size-full wp-image-1054\" alt=\"Jhj.jpg\" srcset=\"https:\/\/baumann-deck.com\/wp-content\/uploads\/2024\/05\/jhj-1.jpg 900w, https:\/\/baumann-deck.com\/wp-content\/uploads\/2024\/05\/jhj-1-300x214.jpg 300w, https:\/\/baumann-deck.com\/wp-content\/uploads\/2024\/05\/jhj-1-768x549.jpg 768w, https:\/\/baumann-deck.com\/wp-content\/uploads\/2024\/05\/jhj-1-600x429.jpg 600w\" sizes=\"(max-width: 900px) 100vw, 900px\" \/><\/figure><div class=\"elementor-image-box-content\"><p class=\"elementor-image-box-description\">Baumann este specializat\u0103 \u00een pardoseli pentru interior \u0219i exterior, viz\u00e2nd \u00een primul r\u00e2nd pia\u021ba UE.\n\nAvem de-a face cu afaceri de podele de mai bine de 18 ani.\nDedicarea noastr\u0103 pentru detalii \u0219i pasiunea pentru produsele noastre fac podelele noastre de interior \u0219i exterior.\nunele dintre cele mai competitive de pe pia\u021b\u0103. Ne concentr\u0103m pe construirea de parteneriate de afaceri solide, pe termen lung, cu profesioni\u0219ti din industria local\u0103<\/p><\/div><\/div>\t\t<\/div>\n\t\t\t\t<\/div>\n\t\t\t\t\t<\/div>\n\t\t\t\t<\/div>\n\t\t<div class=\"elementor-element elementor-element-7830bda e-flex e-con-boxed e-con e-child\" data-id=\"7830bda\" data-element_type=\"container\">\n\t\t\t\t\t<div class=\"e-con-inner\">\n\t\t\t\t<div class=\"elementor-element elementor-element-a485bf4 elementor-position-top elementor-widget elementor-widget-image-box\" data-id=\"a485bf4\" data-element_type=\"widget\" data-widget_type=\"image-box.default\">\n\t\t\t\t<div class=\"elementor-widget-container\">\n\t\t\t<div class=\"elementor-image-box-wrapper\"><figure class=\"elementor-image-box-img\"><img decoding=\"async\" width=\"900\" height=\"643\" src=\"https:\/\/baumann-deck.com\/wp-content\/uploads\/2024\/05\/ab-png.png\" class=\"attachment-full size-full wp-image-3523\" alt=\"Ab Png\" srcset=\"https:\/\/baumann-deck.com\/wp-content\/uploads\/2024\/05\/ab-png.png 900w, https:\/\/baumann-deck.com\/wp-content\/uploads\/2024\/05\/ab-png-300x214.png 300w, https:\/\/baumann-deck.com\/wp-content\/uploads\/2024\/05\/ab-png-768x549.png 768w, https:\/\/baumann-deck.com\/wp-content\/uploads\/2024\/05\/ab-png-600x429.png 600w\" sizes=\"(max-width: 900px) 100vw, 900px\" \/><\/figure><div class=\"elementor-image-box-content\"><p class=\"elementor-image-box-description\">Produsele noastre de baz\u0103 includ podele WPC, podele din lemn exotic, placare WPC, podele SPC \u0219i podele din bambus.\nCombin\u0103m m\u0103iestria meticuloas\u0103 cu materialele de ultim\u0103 genera\u021bie pentru a crea solu\u021bii de pardoseal\u0103 excep\u021bional de durabile \u0219i frumoase.<\/p><\/div><\/div>\t\t<\/div>\n\t\t\t\t<\/div>\n\t\t\t\t\t<\/div>\n\t\t\t\t<\/div>\n\t\t<div class=\"elementor-element elementor-element-9daa408 e-flex e-con-boxed e-con e-child\" data-id=\"9daa408\" data-element_type=\"container\">\n\t\t\t\t\t<div class=\"e-con-inner\">\n\t\t\t\t<div class=\"elementor-element elementor-element-07616a7 elementor-position-top elementor-widget elementor-widget-image-box\" data-id=\"07616a7\" data-element_type=\"widget\" data-widget_type=\"image-box.default\">\n\t\t\t\t<div class=\"elementor-widget-container\">\n\t\t\t<div class=\"elementor-image-box-wrapper\"><figure class=\"elementor-image-box-img\"><img decoding=\"async\" width=\"900\" height=\"643\" src=\"https:\/\/baumann-deck.com\/wp-content\/uploads\/2024\/05\/ab-2.png\" class=\"attachment-full size-full wp-image-3530\" alt=\"Ab 2\" srcset=\"https:\/\/baumann-deck.com\/wp-content\/uploads\/2024\/05\/ab-2.png 900w, https:\/\/baumann-deck.com\/wp-content\/uploads\/2024\/05\/ab-2-300x214.png 300w, https:\/\/baumann-deck.com\/wp-content\/uploads\/2024\/05\/ab-2-768x549.png 768w, https:\/\/baumann-deck.com\/wp-content\/uploads\/2024\/05\/ab-2-600x429.png 600w\" sizes=\"(max-width: 900px) 100vw, 900px\" \/><\/figure><div class=\"elementor-image-box-content\"><p class=\"elementor-image-box-description\">Oferim o valoare excep\u021bional\u0103 \u00een pardoseli prin parteneriate locale puternice, asigur\u00e2ndu-v\u0103 c\u0103 ob\u021bine\u021bi cea mai bun\u0103 calitate la cel mai bun pre\u021b.\n\nPrin parteneriatul cu profesioni\u0219ti locali de \u00eencredere, asigur\u0103m o experien\u021b\u0103 de cump\u0103rare f\u0103r\u0103 probleme \u0219i o instalare expert\u0103 pentru proiectul dvs. de pardoseal\u0103.<\/p><\/div><\/div>\t\t<\/div>\n\t\t\t\t<\/div>\n\t\t\t\t\t<\/div>\n\t\t\t\t<\/div>\n\t\t\t\t\t<\/div>\n\t\t\t\t<\/div>\n\t\t\t\t\t<\/div>\n\t\t\t\t<\/div>\n\t\t\t\t\t<\/div>\n\t\t\t\t<\/div>\n\t\t\t\t<\/div>\n\t\t","protected":false},"excerpt":{"rendered":"<p>DESPRE NOI Baumann este specializat\u0103 \u00een pardoseli pentru interior \u0219i exterior, viz\u00e2nd \u00een primul r\u00e2nd pia\u021ba UE. Avem de-a face cu afaceri de podele de mai bine de 18 ani. Dedicarea noastr\u0103 pentru detalii \u0219i pasiunea pentru produsele noastre fac podelele noastre de interior \u0219i exterior. unele dintre cele mai competitive de pe pia\u021b\u0103. Ne [&hellip;]<\/p>\n","protected":false},"author":1,"featured_media":0,"parent":0,"menu_order":0,"comment_status":"closed","ping_status":"closed","template":"elementor_header_footer","meta":{"slim_seo":[],"footnotes":""},"class_list":["post-1007","page","type-page","status-publish","hentry"],"_links":{"self":[{"href":"https:\/\/baumann-deck.com\/ro\/wp-json\/wp\/v2\/pages\/1007","targetHints":{"allow":["GET"]}}],"collection":[{"href":"https:\/\/baumann-deck.com\/ro\/wp-json\/wp\/v2\/pages"}],"about":[{"href":"https:\/\/baumann-deck.com\/ro\/wp-json\/wp\/v2\/types\/page"}],"author":[{"embeddable":true,"href":"https:\/\/baumann-deck.com\/ro\/wp-json\/wp\/v2\/users\/1"}],"replies":[{"embeddable":true,"href":"https:\/\/baumann-deck.com\/ro\/wp-json\/wp\/v2\/comments?post=1007"}],"version-history":[{"count":8,"href":"https:\/\/baumann-deck.com\/ro\/wp-json\/wp\/v2\/pages\/1007\/revisions"}],"predecessor-version":[{"id":3536,"href":"https:\/\/baumann-deck.com\/ro\/wp-json\/wp\/v2\/pages\/1007\/revisions\/3536"}],"wp:attachment":[{"href":"https:\/\/baumann-deck.com\/ro\/wp-json\/wp\/v2\/media?parent=1007"}],"curies":[{"name":"wp","href":"https:\/\/api.w.org\/{rel}","templated":true}]}}