{"id":3091,"date":"2024-05-22T06:11:56","date_gmt":"2024-05-22T06:11:56","guid":{"rendered":"https:\/\/baumann-deck.com\/product\/parchet-densificat-din-bambus-brown-color-system-click-csw-cf\/"},"modified":"2024-05-25T09:13:57","modified_gmt":"2024-05-25T09:13:57","slug":"parchet-densificat-din-bambus-brown-color-system-click-csw-cf","status":"publish","type":"product","link":"https:\/\/baumann-deck.com\/ro\/produs\/parchet-densificat-din-bambus-brown-color-system-click-csw-cf\/","title":{"rendered":"Parchet densificat din bambus Brown Color System Click (CSW-CF)"},"content":{"rendered":"<pre id=\"tw-target-text\" class=\"tw-data-text tw-text-large tw-ta\" dir=\"ltr\" data-placeholder=\"Translation\" aria-label=\"Translated text\" data-ved=\"2ahUKEwjfrNb8zaCGAxWz1zgGHT9_AS0Q3ewLegQIBRAU\"><span class=\"Y2IQFc\" lang=\"ro\">Clasa de calitate: A - Cea mai \u00eenalt\u0103<\/p>\n<p>Dimensiuni: 915 x 135 x 14 mm<br \/>\nUmiditate: 10(+-2)%<br \/>\nMasa specifica: 1150 Kg\/m3 sau 14,98 Kg\/m2<\/p>\n<p><span class=\"blueTxt\"><img decoding=\"async\" title=\"Click System\" src=\"https:\/\/baumann-deck.com\/wp-content\/uploads\/2024\/05\/ico-sistemClick.png\" alt=\"Click System\" width=\"81\" height=\"23\" border=\"0\" \/><\/span><\/p>\n<p>Face\u021bi clic pe Sistem<\/p>\n<p>Duritate Brinell: 14,3<br \/>\nDuritate Janka: 1360 Kgf (2820 lbf)<br \/>\nFinisare: 7 straturi de lac poliuretanic netoxic (5 straturi de lac tratat UV si 2 straturi finale de protectie anti-zgarieturi).<br \/>\nTip finisaj: satinat<br \/>\nAmbalare: se livreaza in cutii de 12 bucati (1,4823 m2\/cutie) (21 Kg\/cutie)<\/p>\n<p>Recomand\u0103ri:<\/p>\n<p>Sistemul Clic de prindere a parchetului face asamblarea acestuia foarte usoara, nemaifiind nevoie de lipici. Este un sistem nou pentru parchet masiv. Acest parchet, prin textura sa, nu seam\u0103n\u0103 cu lemnul clasic de bambus. Nodurile de bambus nu sunt vizibile. Este un parchet extrem de dur, fiind folosit des in spatiile publice cu trafic intens. Are un aspect deosebit de atractiv, varianta maro fiind obtinuta prin tratarea termica a lemnului. Parchetul din bambus maro densificat este de preferat pentru incaperile mai spatioase, care sunt si bine luminate. RECOMANDAT si pentru trafic intens. NU RECOMANDAT pentru incalzirea in pardoseala. In schimb, toate modelele de parchet orizontal din bambus sunt compatibile pentru acest tip de incalzire. Pentru detalii va rugam sa ne contactati.<\/p>\n<p><video controls=\"\" height=\"200\" width=\"350\"><source src=\"https:\/\/baumann-deck.com\/wp-content\/uploads\/2024\/05\/Parchet_bambus_densificat_avantaje.mp4\" type=\"video\/mp4\"><\/video><\/p>\n<p>Bambusul densificat este unul dintre cele mai dure lemne posibile. Parchetul din lemn poate fi clasificat \u00een func\u021bie de duritate dup\u0103 urm\u0103toarea schem\u0103:<\/p>\n<p><img decoding=\"async\" src=\"https:\/\/baumann-deck.com\/wp-content\/uploads\/2024\/05\/Grafic_duritate_Janka_parchet_bambus-densificat.jpg\" alt=\"\" \/><\/p>\n<p>Modelul bronzat se obtine prin tratarea termica a fibrei de bambus in cuptoare speciale, care initial are o culoare naturala, un bej foarte deschis, cu nuante aurii. Prin tratamentul termic, zaharurile continute in fibra se caramelizeaza si se obtine nuanta de maro, cu un apel deosebit. Panourile mari obtinute in acest fel sunt decupate in placile de parchet cu sistemul de prindere corespunzator, click sau piulita si arc.<br \/>\nSistemul de asamblare plutitor are avantajul unui montaj foarte usor, rapid si economic (nu se mai folosesc adezivi). Trebuie insa avut in vedere ca suprafata pe care se monteaza este plana, astfel incat sa nu apara efectul de trambulina (miscarea placilor la mersul pe ele). De asemenea, se recomand\u0103 utilizarea substraturilor fonoizolante, eventual \u0219i impermeabile.<br \/>\nTrebuie avut \u00een vedere, ca la orice parchet din lemn, c\u0103 trebuie respectat intervalul de umiditate ambiental\u0103 \u00eentre 40% \u0219i 60%. Acesta este \u0219i intervalul de umiditate recomandat pentru oameni, deoarece p\u0103r\u0103sirea acestei zone de umiditate duce la diferite probleme (respiratorii, tegumentare etc.).<br \/>\nBambusul este o esenta minunata din multe puncte de vedere si alegand acest tip de parchet te vei bucura de o esenta durabila, atractiva si ecologica.<\/p>\n<p><strong><a href=\"https:\/\/baumann-deck.com\/wp-content\/uploads\/2024\/05\/Fisa-Tehnica-Bambus-densificat.pdf\">Fi\u0219\u0103 tehnic\u0103<\/a><\/strong><\/p>\n","protected":false},"excerpt":{"rendered":"<p>Clasa de calitate: A &#8211; Cea mai \u00eenalt\u0103 Dimensiuni: 915 x 135 x 14 mm Umiditate: 10(+-2)% Masa specifica: 1150 Kg\/m3 sau 14,98 Kg\/m2 Face\u021bi clic pe Sistem Duritate Brinell: 14,3 Duritate Janka: 1360 Kgf (2820 lbf) Finisare: 7 straturi de lac poliuretanic netoxic (5 straturi de lac tratat UV si 2 straturi finale de [&hellip;]<\/p>\n","protected":false},"featured_media":3082,"template":"","meta":{"slim_seo":[]},"product_cat":[76],"product_tag":[],"class_list":{"0":"post-3091","1":"product","2":"type-product","3":"status-publish","4":"has-post-thumbnail","6":"product_cat-parchet-bambus","8":"first","9":"instock","10":"shipping-taxable","11":"purchasable","12":"product-type-simple"},"_links":{"self":[{"href":"https:\/\/baumann-deck.com\/ro\/wp-json\/wp\/v2\/product\/3091","targetHints":{"allow":["GET"]}}],"collection":[{"href":"https:\/\/baumann-deck.com\/ro\/wp-json\/wp\/v2\/product"}],"about":[{"href":"https:\/\/baumann-deck.com\/ro\/wp-json\/wp\/v2\/types\/product"}],"wp:featuredmedia":[{"embeddable":true,"href":"https:\/\/baumann-deck.com\/ro\/wp-json\/wp\/v2\/media\/3082"}],"wp:attachment":[{"href":"https:\/\/baumann-deck.com\/ro\/wp-json\/wp\/v2\/media?parent=3091"}],"wp:term":[{"taxonomy":"product_cat","embeddable":true,"href":"https:\/\/baumann-deck.com\/ro\/wp-json\/wp\/v2\/product_cat?post=3091"},{"taxonomy":"product_tag","embeddable":true,"href":"https:\/\/baumann-deck.com\/ro\/wp-json\/wp\/v2\/product_tag?post=3091"}],"curies":[{"name":"wp","href":"https:\/\/api.w.org\/{rel}","templated":true}]}}