{"id":3121,"date":"2024-05-22T05:11:22","date_gmt":"2024-05-22T05:11:22","guid":{"rendered":"https:\/\/baumann-deck.com\/product\/cleme-de-clapeta-baumann-cli-gj170k26-wpc\/"},"modified":"2024-05-24T09:24:14","modified_gmt":"2024-05-24T09:24:14","slug":"cleme-de-clapeta-baumann-cli-gj170k26-wpc","status":"publish","type":"product","link":"https:\/\/baumann-deck.com\/ro\/produs\/cleme-de-clapeta-baumann-cli-gj170k26-wpc\/","title":{"rendered":"Lambriu WPC (compozit lemn cu plastic), pentru fa\u021bad\u0103 ventilat\u0103, model tip riflaj, Teak, Baumann, T-GJ170K26"},"content":{"rendered":"<p>Lambriul de dimensiuni 2900x170x26 mm, cu o l\u0103\u021bime util\u0103 de 150 mm, este realizat dintr-un material compozit lemn-plastic de \u00eenalt\u0103 calitate. Acesta prezint\u0103 un profil special tip riflaj, oferind un aspect estetic deosebit.<\/p>\n<p>&nbsp;<\/p>\n<p>Cu o suprafa\u021b\u0103 acoperit\u0103 de 0.435 mp per plac\u0103, lambriul este potrivit pentru utilizare at\u00e2t \u00een interior, c\u00e2t \u0219i la exterior. Montajul se realizeaz\u0103 cu ajutorul clemei, care se fixeaz\u0103 pe o structur\u0103 de compozit sau de lemn. Prinderea este ascuns\u0103, asigur\u00e2nd un aspect finisat \u0219i elegant.<\/p>\n<p>Se monteaza cu cleme pe structuri de wpc, metalice sau de lemn, la o distanta de 40\u00a0cm, fixate direct in perete sau pe console metalice.<\/p>\n<p>Lambriul este disponibil \u00eentr-o culoare maro \u00eenchis, ad\u0103ug\u00e2nd un aspect modern \u0219i sofisticat oric\u0103rei \u00eenc\u0103peri sau fa\u021bade. De asemenea, acesta poate fi utilizat pentru realizarea de fa\u021bade\u00a0ventilate,\u00a0asigur\u00e2nd o ventila\u021bie optim\u0103 a cl\u0103dirii.<\/p>\n<p>&nbsp;<\/p>\n<p>Cu o rezisten\u021b\u0103 sporit\u0103 la factorii externi, acest lambriu este durabil \u0219i u\u0219or de \u00eentre\u021binut. Este alegerea perfect\u0103 pentru \u00eembun\u0103t\u0103\u021birea estetic\u0103 a spa\u021biilor interioare \u0219i exterioare, oferind un aspect modern, elegant \u0219i durabil.<\/p>\n","protected":false},"excerpt":{"rendered":"<p>Lambriul de dimensiuni 2900x170x26 mm, cu o l\u0103\u021bime util\u0103 de 150 mm, este realizat dintr-un material compozit lemn-plastic de \u00eenalt\u0103 calitate. Acesta prezint\u0103 un profil special tip riflaj, oferind un aspect estetic deosebit. &nbsp; Cu o suprafa\u021b\u0103 acoperit\u0103 de 0.435 mp per plac\u0103, lambriul este potrivit pentru utilizare at\u00e2t \u00een interior, c\u00e2t \u0219i la exterior. [&hellip;]<\/p>\n","protected":false},"featured_media":2403,"template":"","meta":{"slim_seo":[]},"product_cat":[73],"product_tag":[],"class_list":{"0":"post-3121","1":"product","2":"type-product","3":"status-publish","4":"has-post-thumbnail","6":"product_cat-lambriu-placari-cu-lemn-riflaje-garduri-masti-calorifer","8":"first","9":"instock","10":"shipping-taxable","11":"purchasable","12":"product-type-simple"},"_links":{"self":[{"href":"https:\/\/baumann-deck.com\/ro\/wp-json\/wp\/v2\/product\/3121","targetHints":{"allow":["GET"]}}],"collection":[{"href":"https:\/\/baumann-deck.com\/ro\/wp-json\/wp\/v2\/product"}],"about":[{"href":"https:\/\/baumann-deck.com\/ro\/wp-json\/wp\/v2\/types\/product"}],"wp:featuredmedia":[{"embeddable":true,"href":"https:\/\/baumann-deck.com\/ro\/wp-json\/wp\/v2\/media\/2403"}],"wp:attachment":[{"href":"https:\/\/baumann-deck.com\/ro\/wp-json\/wp\/v2\/media?parent=3121"}],"wp:term":[{"taxonomy":"product_cat","embeddable":true,"href":"https:\/\/baumann-deck.com\/ro\/wp-json\/wp\/v2\/product_cat?post=3121"},{"taxonomy":"product_tag","embeddable":true,"href":"https:\/\/baumann-deck.com\/ro\/wp-json\/wp\/v2\/product_tag?post=3121"}],"curies":[{"name":"wp","href":"https:\/\/api.w.org\/{rel}","templated":true}]}}