{"id":3150,"date":"2024-05-22T05:17:10","date_gmt":"2024-05-22T05:17:10","guid":{"rendered":"https:\/\/baumann-deck.com\/product\/parchet-spc-noul-lvt-vinil-compozit-cu-stejar-natural-piatra-baumann-1220x180x5-03-mm-8802-1\/"},"modified":"2024-05-24T12:28:34","modified_gmt":"2024-05-24T12:28:34","slug":"parchet-spc-noul-lvt-vinil-compozit-cu-stejar-natural-piatra-baumann-1220x180x5-03-mm-8802-1","status":"publish","type":"product","link":"https:\/\/baumann-deck.com\/ro\/produs\/parchet-spc-noul-lvt-vinil-compozit-cu-stejar-natural-piatra-baumann-1220x180x5-03-mm-8802-1\/","title":{"rendered":"Parchet SPC (Noul LVT) Vinil compozit cu stejar natural Piatra Baumann 1220x180x5\/0,3 mm (8802-1)"},"content":{"rendered":"<pre id=\"tw-target-text\" class=\"tw-data-text tw-text-large tw-ta\" dir=\"ltr\" data-placeholder=\"Translation\" aria-label=\"Translated text\" data-ved=\"2ahUKEwjXs5fJ06CGAxU-UGcHHaJQBEcQ3ewLegQIBRAU\"><span class=\"Y2IQFc\" lang=\"ro\">Dimensiuni: 1220x180x5\/0,3mm<\/p>\n<p>Sistem de prindere: click (se poate monta flotant sau prin lipire)<\/p>\n<p>Ambalare: 2.196 mp\/cutie<\/p>\n<p>Parchetul SPC este cea mai noua versiune a LVT, fiind un compozit intre vinil si piatra. Are toate avantajele vinilului, fiind inalterabil la contactul cu apa, cald la atingere, cu textura si aspectul fibrei de lemn dar mult imbunatatit prin introducerea prafului de piatra, ceea ce il face mult mai dur si mai stabil.<\/p>\n<p>Pardoselile clasice LVT sunt o solutie foarte buna atunci cand iti doresti o pardoseala rezistenta la umezeala, foarte usor de montat, fara probleme de intretinere, dar au dezavantajul ca sunt foarte maleabile si iau forma suportului. Dac\u0103 are denivel\u0103ri, podeaua de vinil va lua forma substratului \u00een timp, \u00eencorpor\u00e2nd denivel\u0103rile. Dar acest upgrade al LVT, SPC-ul este mult mai stabil, neavand acest dezavantaj de deformare si fiind mult mai stabil din punct de vedere dimensional. Dac\u0103 podeaua clasic\u0103 LVT se extinde \u0219i se contract\u0103 destul de puternic, podeaua de vinil SPC are dilata\u021bii \u0219i contrac\u021bii mult mai mici.<\/p>\n<p>Modelul SPC culoare stejar natural combin\u0103 toate avantajele unei podele de vinil cu aspectul fibrei naturale a pardoselilor de stejar.<\/p>\n<p>Panou disponibil in showroom.<\/p>\n<p><a href=\"https:\/\/baumann-deck.com\/wp-content\/uploads\/2024\/05\/FISA-TEHNICA-PODELE-SPC.pdf\"><strong>Fisa tehnica<\/strong><\/a><\/p>\n","protected":false},"excerpt":{"rendered":"<p>Dimensiuni: 1220x180x5\/0,3mm Sistem de prindere: click (se poate monta flotant sau prin lipire) Ambalare: 2.196 mp\/cutie Parchetul SPC este cea mai noua versiune a LVT, fiind un compozit intre vinil si piatra. Are toate avantajele vinilului, fiind inalterabil la contactul cu apa, cald la atingere, cu textura si aspectul fibrei de lemn dar mult imbunatatit [&hellip;]<\/p>\n","protected":false},"featured_media":2427,"template":"","meta":{"slim_seo":[]},"product_cat":[79],"product_tag":[],"class_list":{"0":"post-3150","1":"product","2":"type-product","3":"status-publish","4":"has-post-thumbnail","6":"product_cat-parchet-spc-si-pardoseli-vinil-lvt","8":"first","9":"instock","10":"shipping-taxable","11":"purchasable","12":"product-type-simple"},"_links":{"self":[{"href":"https:\/\/baumann-deck.com\/ro\/wp-json\/wp\/v2\/product\/3150","targetHints":{"allow":["GET"]}}],"collection":[{"href":"https:\/\/baumann-deck.com\/ro\/wp-json\/wp\/v2\/product"}],"about":[{"href":"https:\/\/baumann-deck.com\/ro\/wp-json\/wp\/v2\/types\/product"}],"wp:featuredmedia":[{"embeddable":true,"href":"https:\/\/baumann-deck.com\/ro\/wp-json\/wp\/v2\/media\/2427"}],"wp:attachment":[{"href":"https:\/\/baumann-deck.com\/ro\/wp-json\/wp\/v2\/media?parent=3150"}],"wp:term":[{"taxonomy":"product_cat","embeddable":true,"href":"https:\/\/baumann-deck.com\/ro\/wp-json\/wp\/v2\/product_cat?post=3150"},{"taxonomy":"product_tag","embeddable":true,"href":"https:\/\/baumann-deck.com\/ro\/wp-json\/wp\/v2\/product_tag?post=3150"}],"curies":[{"name":"wp","href":"https:\/\/api.w.org\/{rel}","templated":true}]}}