{"id":3188,"date":"2024-05-22T05:41:26","date_gmt":"2024-05-22T05:41:26","guid":{"rendered":"https:\/\/baumann-deck.com\/product\/plinta-cu-canal-de-cablu-baumann-culoare-alb-2400x70x16-mm-8802-6\/"},"modified":"2024-05-24T09:54:29","modified_gmt":"2024-05-24T09:54:29","slug":"plinta-cu-canal-de-cablu-baumann-culoare-alb-2400x70x16-mm-8802-6","status":"publish","type":"product","link":"https:\/\/baumann-deck.com\/ro\/produs\/plinta-cu-canal-de-cablu-baumann-culoare-alb-2400x70x16-mm-8802-6\/","title":{"rendered":"Plinta cu canal de cablu Baumann Culoare Alb 2400x70x16 mm (8802-6-B)"},"content":{"rendered":"<pre id=\"tw-target-text\" class=\"tw-data-text tw-text-large tw-ta\" dir=\"ltr\" data-placeholder=\"Translation\" aria-label=\"Translated text\" data-ved=\"2ahUKEwjXs5fJ06CGAxU-UGcHHaJQBEcQ3ewLegQIBRAU\"><span class=\"Y2IQFc\" lang=\"ro\">Dimensiuni: 2400x70x16 mm \r\n\r\nPlinta este compus\u0103 din dou\u0103 elemente, consola de sprijin care se prinde de perete (prin dibluri sau cu lipici) \u0219i plinta propriu-zis\u0103, care are o suprafa\u021b\u0103 decorativ\u0103, care se fixeaz\u0103 perfect \u00een consol\u0103. Manerul este foarte solid, materialul este foarte rezistent atat mecanic cat si la umezeala. Decorul este identic cu modelul de parchet Baumann SPC alb.<\/span><\/pre>\n","protected":false},"excerpt":{"rendered":"<p>Dimensiuni: 2400x70x16 mm Plinta este compus\u0103 din dou\u0103 elemente, consola de sprijin care se prinde de perete (prin dibluri sau cu lipici) \u0219i plinta propriu-zis\u0103, care are o suprafa\u021b\u0103 decorativ\u0103, care se fixeaz\u0103 perfect \u00een consol\u0103. Manerul este foarte solid, materialul este foarte rezistent atat mecanic cat si la umezeala. Decorul este identic cu modelul [&hellip;]<\/p>\n","protected":false},"featured_media":2688,"template":"","meta":{"slim_seo":[]},"product_cat":[79],"product_tag":[],"class_list":{"0":"post-3188","1":"product","2":"type-product","3":"status-publish","4":"has-post-thumbnail","6":"product_cat-parchet-spc-si-pardoseli-vinil-lvt","8":"first","9":"instock","10":"shipping-taxable","11":"purchasable","12":"product-type-simple"},"_links":{"self":[{"href":"https:\/\/baumann-deck.com\/ro\/wp-json\/wp\/v2\/product\/3188","targetHints":{"allow":["GET"]}}],"collection":[{"href":"https:\/\/baumann-deck.com\/ro\/wp-json\/wp\/v2\/product"}],"about":[{"href":"https:\/\/baumann-deck.com\/ro\/wp-json\/wp\/v2\/types\/product"}],"wp:featuredmedia":[{"embeddable":true,"href":"https:\/\/baumann-deck.com\/ro\/wp-json\/wp\/v2\/media\/2688"}],"wp:attachment":[{"href":"https:\/\/baumann-deck.com\/ro\/wp-json\/wp\/v2\/media?parent=3188"}],"wp:term":[{"taxonomy":"product_cat","embeddable":true,"href":"https:\/\/baumann-deck.com\/ro\/wp-json\/wp\/v2\/product_cat?post=3188"},{"taxonomy":"product_tag","embeddable":true,"href":"https:\/\/baumann-deck.com\/ro\/wp-json\/wp\/v2\/product_tag?post=3188"}],"curies":[{"name":"wp","href":"https:\/\/api.w.org\/{rel}","templated":true}]}}