{"id":3194,"date":"2024-05-22T05:44:17","date_gmt":"2024-05-22T05:44:17","guid":{"rendered":"https:\/\/baumann-deck.com\/product\/plinta-cu-canal-de-cablu-baumann-culoare-gri-2400x70x16-mm-6061-6-b\/"},"modified":"2024-05-22T09:22:57","modified_gmt":"2024-05-22T09:22:57","slug":"plinta-cu-canal-de-cablu-baumann-culoare-gri-2400x70x16-mm-6061-6-b","status":"publish","type":"product","link":"https:\/\/baumann-deck.com\/ro\/produs\/plinta-cu-canal-de-cablu-baumann-culoare-gri-2400x70x16-mm-6061-6-b\/","title":{"rendered":"Plinta cu canal de cablu Baumann Culoare Gri 2400x70x16 mm (6061-6-B)"},"content":{"rendered":"<p>Dimensiuni: 2400x70x16 mm<\/p>\n<p>Plinta este compus\u0103 din dou\u0103 elemente, consola de sprijin care se prinde de perete (prin dibluri sau cu lipici) \u0219i plinta propriu-zis\u0103, care are o suprafa\u021b\u0103 decorativ\u0103, care se fixeaz\u0103 perfect \u00een consol\u0103. M\u00e2nerul este foarte solid, materialul este foarte rezistent at\u00e2t mecanic, c\u00e2t \u0219i la umiditate. Decorul este identic cu modelul de parchet de culoare gri SPC Baumann.<\/p>\n","protected":false},"excerpt":{"rendered":"<p>Dimensiuni: 2400x70x16 mm Plinta este compus\u0103 din dou\u0103 elemente, consola de sprijin care se prinde de perete (prin dibluri sau cu lipici) \u0219i plinta propriu-zis\u0103, care are o suprafa\u021b\u0103 decorativ\u0103, care se fixeaz\u0103 perfect \u00een consol\u0103. M\u00e2nerul este foarte solid, materialul este foarte rezistent at\u00e2t mecanic, c\u00e2t \u0219i la umiditate. Decorul este identic cu modelul [&hellip;]<\/p>\n","protected":false},"featured_media":2699,"template":"","meta":{"slim_seo":[]},"product_cat":[79],"product_tag":[],"class_list":{"0":"post-3194","1":"product","2":"type-product","3":"status-publish","4":"has-post-thumbnail","6":"product_cat-parchet-spc-si-pardoseli-vinil-lvt","8":"first","9":"instock","10":"shipping-taxable","11":"purchasable","12":"product-type-simple"},"_links":{"self":[{"href":"https:\/\/baumann-deck.com\/ro\/wp-json\/wp\/v2\/product\/3194","targetHints":{"allow":["GET"]}}],"collection":[{"href":"https:\/\/baumann-deck.com\/ro\/wp-json\/wp\/v2\/product"}],"about":[{"href":"https:\/\/baumann-deck.com\/ro\/wp-json\/wp\/v2\/types\/product"}],"wp:featuredmedia":[{"embeddable":true,"href":"https:\/\/baumann-deck.com\/ro\/wp-json\/wp\/v2\/media\/2699"}],"wp:attachment":[{"href":"https:\/\/baumann-deck.com\/ro\/wp-json\/wp\/v2\/media?parent=3194"}],"wp:term":[{"taxonomy":"product_cat","embeddable":true,"href":"https:\/\/baumann-deck.com\/ro\/wp-json\/wp\/v2\/product_cat?post=3194"},{"taxonomy":"product_tag","embeddable":true,"href":"https:\/\/baumann-deck.com\/ro\/wp-json\/wp\/v2\/product_tag?post=3194"}],"curies":[{"name":"wp","href":"https:\/\/api.w.org\/{rel}","templated":true}]}}